{"id":69,"date":"2019-08-20T17:10:56","date_gmt":"2019-08-20T15:10:56","guid":{"rendered":"https:\/\/lemanoirdesaromes.com\/?page_id=69"},"modified":"2026-02-16T11:39:58","modified_gmt":"2026-02-16T10:39:58","slug":"accueil","status":"publish","type":"page","link":"https:\/\/lemanoirdesaromes.com\/en\/","title":{"rendered":"Home"},"content":{"rendered":"<p>Imagin\u00e9 par Karinne comme un v\u00e9ritable havre de paix, le Manoir des Ar\u00f4mes offre une vue magnifique sur la Vall\u00e9e des Coteaux Sud d\u2019\u00c9pernay. Id\u00e9alement situ\u00e9 \u00e0 Brugny, le Domaine vous propose de vivre une exp\u00e9rience unique au travers cinq chambres d\u2019h\u00f4tes, un g\u00eete et la d\u00e9couverte des fragrances subtiles du Champagne \u00c9tienne Oudart.<\/p>\n\n\n\n<div class=\"wp-block-group\"><div class=\"wp-block-group__inner-container is-layout-flow wp-block-group-is-layout-flow\"><div id=\"metaslider-id-3510\" style=\"width: 100%;\" class=\"ml-slider-3-105-0 metaslider metaslider-flex metaslider-3510 ml-slider ms-theme-default nav-hidden\" role=\"region\" aria-label=\"Accueil section chambres\">\n    <div id=\"metaslider_container_3510\">\n        <div id=\"metaslider_3510\">\n            <ul class='slides'>\n                <li style=\"display: block; width: 100%;\" class=\"slide-3515 ms-image\" aria-roledescription=\"slide\" data-date=\"2020-03-06 10:29:01\" data-filename=\"IMG_1469-1-scaled-0x0.jpg\" data-slide-type=\"image\"><img decoding=\"async\" src=\"https:\/\/lemanoirdesaromes.com\/wp-content\/uploads\/2020\/03\/IMG_1469-1-scaled-0x0.jpg\" alt=\"\" class=\"slider-3510 slide-3515 msDefaultImage\" title=\"69\" \/><\/li>\n                <li style=\"display: none; width: 100%;\" class=\"slide-3516 ms-image\" aria-roledescription=\"slide\" data-date=\"2020-03-06 10:29:12\" data-filename=\"IMG_1470-1-scaled-0x0.jpg\" data-slide-type=\"image\"><img decoding=\"async\" src=\"https:\/\/lemanoirdesaromes.com\/wp-content\/uploads\/2020\/03\/IMG_1470-1-scaled-0x0.jpg\" alt=\"\" class=\"slider-3510 slide-3516 msDefaultImage\" title=\"70\" \/><\/li>\n                <li style=\"display: none; width: 100%;\" class=\"slide-3517 ms-image\" aria-roledescription=\"slide\" data-date=\"2020-03-06 10:29:20\" data-filename=\"IMG_1471-1-scaled-0x0.jpg\" data-slide-type=\"image\"><img decoding=\"async\" src=\"https:\/\/lemanoirdesaromes.com\/wp-content\/uploads\/2020\/03\/IMG_1471-1-scaled-0x0.jpg\" alt=\"\" class=\"slider-3510 slide-3517 msDefaultImage\" title=\"71\" \/><\/li>\n                <li style=\"display: none; width: 100%;\" class=\"slide-3518 ms-image\" aria-roledescription=\"slide\" data-date=\"2020-03-06 10:29:29\" data-filename=\"IMG_1472-1-scaled-0x0.jpg\" data-slide-type=\"image\"><img decoding=\"async\" src=\"https:\/\/lemanoirdesaromes.com\/wp-content\/uploads\/2020\/03\/IMG_1472-1-scaled-0x0.jpg\" alt=\"\" class=\"slider-3510 slide-3518 msDefaultImage\" title=\"72\" \/><\/li>\n            <\/ul>\n        <\/div>\n        \n    <\/div>\n<\/div>\n\n\n\n<div class=\"wp-block-group\"><div class=\"wp-block-group__inner-container is-layout-flow wp-block-group-is-layout-flow\">\n<p>Le Temps d\u2019un Instant, venez vous \u00e9vader et partager une parenth\u00e8se de tranquillit\u00e9 et de confort dans les cinq chambres d\u2019h\u00f4tes du Manoir des Ar\u00f4mes.<\/p>\n<\/div><\/div>\n<\/div><\/div>\n\n\n\n<div class=\"wp-block-group second_home_group\"><div class=\"wp-block-group__inner-container is-layout-flow wp-block-group-is-layout-flow\">\n<figure class=\"wp-block-image size-large\"><img loading=\"lazy\" decoding=\"async\" width=\"1024\" height=\"768\" src=\"https:\/\/lemanoirdesaromes.com\/wp-content\/uploads\/2022\/04\/IMG-3465-1024x768.jpg\" alt=\"\" class=\"wp-image-5009\" srcset=\"https:\/\/lemanoirdesaromes.com\/wp-content\/uploads\/2022\/04\/IMG-3465-1024x768.jpg 1024w, https:\/\/lemanoirdesaromes.com\/wp-content\/uploads\/2022\/04\/IMG-3465-300x225.jpg 300w, https:\/\/lemanoirdesaromes.com\/wp-content\/uploads\/2022\/04\/IMG-3465-768x576.jpg 768w, https:\/\/lemanoirdesaromes.com\/wp-content\/uploads\/2022\/04\/IMG-3465-1536x1152.jpg 1536w, https:\/\/lemanoirdesaromes.com\/wp-content\/uploads\/2022\/04\/IMG-3465-2048x1536.jpg 2048w, https:\/\/lemanoirdesaromes.com\/wp-content\/uploads\/2022\/04\/IMG-3465-16x12.jpg 16w, https:\/\/lemanoirdesaromes.com\/wp-content\/uploads\/2022\/04\/IMG-3465-1140x855.jpg 1140w, https:\/\/lemanoirdesaromes.com\/wp-content\/uploads\/2022\/04\/IMG-3465-600x450.jpg 600w\" sizes=\"auto, (max-width: 1024px) 100vw, 1024px\" \/><\/figure>\n\n\n\n<div class=\"wp-block-group\"><div class=\"wp-block-group__inner-container is-layout-flow wp-block-group-is-layout-flow\">\n<h2 class=\"wp-block-heading\">Le vendangeoir du Manoir des Ar\u00f4mes<\/h2>\n\n\n\n<p>In a real place of conviviality, the Vendangeoir at the Manoir des Ar\u00f4mes reflects the spirit of the harvest season. The place is ideal for meeting up with friends or family, Le Temps d\u00b4un Instant.<\/p>\n<\/div><\/div>\n<\/div><\/div>\n\n\n\n<div class=\"wp-block-group\"><div class=\"wp-block-group__inner-container is-layout-flow wp-block-group-is-layout-flow\">\n<figure class=\"wp-block-image size-large\"><img loading=\"lazy\" decoding=\"async\" width=\"1024\" height=\"683\" src=\"https:\/\/lemanoirdesaromes.com\/wp-content\/uploads\/2020\/03\/photo_section_home-1024x683.jpg\" alt=\"\" class=\"wp-image-3490\" srcset=\"https:\/\/lemanoirdesaromes.com\/wp-content\/uploads\/2020\/03\/photo_section_home-1024x683.jpg 1024w, https:\/\/lemanoirdesaromes.com\/wp-content\/uploads\/2020\/03\/photo_section_home-300x200.jpg 300w, https:\/\/lemanoirdesaromes.com\/wp-content\/uploads\/2020\/03\/photo_section_home-768x512.jpg 768w, https:\/\/lemanoirdesaromes.com\/wp-content\/uploads\/2020\/03\/photo_section_home-1536x1025.jpg 1536w, https:\/\/lemanoirdesaromes.com\/wp-content\/uploads\/2020\/03\/photo_section_home-2048x1366.jpg 2048w, https:\/\/lemanoirdesaromes.com\/wp-content\/uploads\/2020\/03\/photo_section_home-1140x761.jpg 1140w, https:\/\/lemanoirdesaromes.com\/wp-content\/uploads\/2020\/03\/photo_section_home-600x400.jpg 600w\" sizes=\"auto, (max-width: 1024px) 100vw, 1024px\" \/><\/figure>\n\n\n\n<div class=\"wp-block-group\"><div class=\"wp-block-group__inner-container is-layout-flow wp-block-group-is-layout-flow\">\n<h2 class=\"wp-block-heading\">Le champagne Etienne Oudart<\/h2>\n\n\n\n<p>Produced from natural viticulture that respects biodiversity and quality-based winemaking, \u00c9tienne Oudart champagnes draw their aromas from nature. Thus, an elegant and subtle interpretation of each cuv\u00e9e invites you to live, Le Temps d'un Instant, a hedonistic tasting experience.<\/p>\n\n\n\n<p><a href=\"https:\/\/champagne-oudart.com\/\">Discover our range<\/a><\/p>\n<\/div><\/div>\n<\/div><\/div>\n\n\n<p><!-- \/wp:post-content --><\/p>","protected":false},"excerpt":{"rendered":"<p>Imagin\u00e9 par Karinne comme un v\u00e9ritable havre de paix, le Manoir des Ar\u00f4mes offre une vue magnifique sur la Vall\u00e9e des Coteaux Sud d\u2019\u00c9pernay. Id\u00e9alement situ\u00e9 \u00e0 Brugny, le Domaine vous propose de vivre une exp\u00e9rience unique au travers cinq chambres d\u2019h\u00f4tes, un g\u00eete et la d\u00e9couverte des fragrances subtiles du Champagne \u00c9tienne Oudart. Le Temps d\u2019un Instant, venez vous \u00e9vader et partager une parenth\u00e8se de tranquillit\u00e9 et de confort dans les cinq chambres d\u2019h\u00f4tes du Manoir des Ar\u00f4mes. Le vendangeoir du Manoir des Ar\u00f4mes En v\u00e9ritable lieu de convivialit\u00e9, le Vendangeoir du Manoir des Ar\u00f4mes est le reflet de l\u2019esprit de la saison des vendanges. L\u2019endroit est id\u00e9al pour se retrouver entre amis ou en famille, Le Temps d\u2019un Instant. Le champagne Etienne Oudart Issus d\u2019une viticulture naturelle respectant la biodiversit\u00e9 et d\u2019une vinification fond\u00e9e sur la qualit\u00e9, les champagnes \u00c9tienne Oudart puisent leurs ar\u00f4mes dans la nature. Ainsi, une \u00e9l\u00e9gante et subtile interpr\u00e9tation de chaque cuv\u00e9e vous propose de vivre, Le Temps d\u2019un Instant, une exp\u00e9rience h\u00e9doniste de la d\u00e9gustation. D\u00e9couvrir notre gamme<\/p>","protected":false},"author":1,"featured_media":0,"parent":0,"menu_order":0,"comment_status":"closed","ping_status":"closed","template":"","meta":{"footnotes":""},"class_list":["post-69","page","type-page","status-publish","hentry"],"yoast_head":"<!-- This site is optimized with the Yoast SEO plugin v26.9 - https:\/\/yoast.com\/product\/yoast-seo-wordpress\/ -->\n<title>Accueil - Le Manoir des Ar\u00f4mes<\/title>\n<meta name=\"robots\" content=\"index, follow, max-snippet:-1, max-image-preview:large, max-video-preview:-1\" \/>\n<link rel=\"canonical\" href=\"https:\/\/lemanoirdesaromes.com\/en\/\" \/>\n<meta property=\"og:locale\" content=\"en_GB\" \/>\n<meta property=\"og:type\" content=\"article\" \/>\n<meta property=\"og:title\" content=\"Accueil - Le Manoir des Ar\u00f4mes\" \/>\n<meta property=\"og:description\" content=\"Imagin\u00e9 par Karinne comme un v\u00e9ritable havre de paix, le Manoir des Ar\u00f4mes offre une vue magnifique sur la Vall\u00e9e des Coteaux Sud d\u2019\u00c9pernay. Id\u00e9alement situ\u00e9 \u00e0 Brugny, le Domaine vous propose de vivre une exp\u00e9rience unique au travers cinq chambres d\u2019h\u00f4tes, un g\u00eete et la d\u00e9couverte des fragrances subtiles du Champagne \u00c9tienne Oudart. Le Temps d\u2019un Instant, venez vous \u00e9vader et partager une parenth\u00e8se de tranquillit\u00e9 et de confort dans les cinq chambres d\u2019h\u00f4tes du Manoir des Ar\u00f4mes. Le vendangeoir du Manoir des Ar\u00f4mes En v\u00e9ritable lieu de convivialit\u00e9, le Vendangeoir du Manoir des Ar\u00f4mes est le reflet de l\u2019esprit de la saison des vendanges. L\u2019endroit est id\u00e9al pour se retrouver entre amis ou en famille, Le Temps d\u2019un Instant. Le champagne Etienne Oudart Issus d\u2019une viticulture naturelle respectant la biodiversit\u00e9 et d\u2019une vinification fond\u00e9e sur la qualit\u00e9, les champagnes \u00c9tienne Oudart puisent leurs ar\u00f4mes dans la nature. Ainsi, une \u00e9l\u00e9gante et subtile interpr\u00e9tation de chaque cuv\u00e9e vous propose de vivre, Le Temps d\u2019un Instant, une exp\u00e9rience h\u00e9doniste de la d\u00e9gustation. D\u00e9couvrir notre gamme\" \/>\n<meta property=\"og:url\" content=\"https:\/\/lemanoirdesaromes.com\/en\/\" \/>\n<meta property=\"og:site_name\" content=\"Le Manoir des Ar\u00f4mes\" \/>\n<meta property=\"article:publisher\" content=\"https:\/\/www.facebook.com\/ChampagneEtienneOudart\" \/>\n<meta property=\"article:modified_time\" content=\"2026-02-16T10:39:58+00:00\" \/>\n<meta property=\"og:image\" content=\"https:\/\/lemanoirdesaromes.com\/wp-content\/uploads\/2022\/04\/IMG-3465-1024x768.jpg\" \/>\n<meta name=\"twitter:card\" content=\"summary_large_image\" \/>\n<meta name=\"twitter:label1\" content=\"Estimated reading time\" \/>\n\t<meta name=\"twitter:data1\" content=\"2 minutes\" \/>\n<script type=\"application\/ld+json\" class=\"yoast-schema-graph\">{\"@context\":\"https:\/\/schema.org\",\"@graph\":[{\"@type\":\"WebPage\",\"@id\":\"https:\/\/lemanoirdesaromes.com\/\",\"url\":\"https:\/\/lemanoirdesaromes.com\/\",\"name\":\"Accueil - Le Manoir des Ar\u00f4mes\",\"isPartOf\":{\"@id\":\"https:\/\/lemanoirdesaromes.com\/#website\"},\"primaryImageOfPage\":{\"@id\":\"https:\/\/lemanoirdesaromes.com\/#primaryimage\"},\"image\":{\"@id\":\"https:\/\/lemanoirdesaromes.com\/#primaryimage\"},\"thumbnailUrl\":\"https:\/\/lemanoirdesaromes.com\/wp-content\/uploads\/2022\/04\/IMG-3465-1024x768.jpg\",\"datePublished\":\"2019-08-20T15:10:56+00:00\",\"dateModified\":\"2026-02-16T10:39:58+00:00\",\"breadcrumb\":{\"@id\":\"https:\/\/lemanoirdesaromes.com\/#breadcrumb\"},\"inLanguage\":\"en-GB\",\"potentialAction\":[{\"@type\":\"ReadAction\",\"target\":[\"https:\/\/lemanoirdesaromes.com\/\"]}]},{\"@type\":\"ImageObject\",\"inLanguage\":\"en-GB\",\"@id\":\"https:\/\/lemanoirdesaromes.com\/#primaryimage\",\"url\":\"https:\/\/lemanoirdesaromes.com\/wp-content\/uploads\/2022\/04\/IMG-3465-1024x768.jpg\",\"contentUrl\":\"https:\/\/lemanoirdesaromes.com\/wp-content\/uploads\/2022\/04\/IMG-3465-1024x768.jpg\"},{\"@type\":\"BreadcrumbList\",\"@id\":\"https:\/\/lemanoirdesaromes.com\/#breadcrumb\",\"itemListElement\":[{\"@type\":\"ListItem\",\"position\":1,\"name\":\"Accueil\",\"item\":\"https:\/\/lemanoirdesaromes.com\/\"},{\"@type\":\"ListItem\",\"position\":2,\"name\":\"Accueil\"}]},{\"@type\":\"WebSite\",\"@id\":\"https:\/\/lemanoirdesaromes.com\/#website\",\"url\":\"https:\/\/lemanoirdesaromes.com\/\",\"name\":\"Le Manoir des Ar\u00f4mes\",\"description\":\"Merci \u00e0 tous pour les nombreux moments d\u2019\u00e9change et de partage que vous nous avez offerts au travers de vos s\u00e9jours dans les chambres d\u2019h\u00f4tes du Manoir des Ar\u00f4mes. Il est d\u00e9sormais temps pour Karinne de prendre une retraite bien m\u00e9rit\u00e9e. La possibilit\u00e9 de s\u00e9journer au Manoir des Ar\u00f4mes est donc suspendue jusqu\u2019\u00e0 nouvel ordre.  Sinc\u00e8rement, Jacques\",\"potentialAction\":[{\"@type\":\"SearchAction\",\"target\":{\"@type\":\"EntryPoint\",\"urlTemplate\":\"https:\/\/lemanoirdesaromes.com\/?s={search_term_string}\"},\"query-input\":{\"@type\":\"PropertyValueSpecification\",\"valueRequired\":true,\"valueName\":\"search_term_string\"}}],\"inLanguage\":\"en-GB\"}]}<\/script>\n<!-- \/ Yoast SEO plugin. -->","yoast_head_json":{"title":"Accueil - Le Manoir des Ar\u00f4mes","robots":{"index":"index","follow":"follow","max-snippet":"max-snippet:-1","max-image-preview":"max-image-preview:large","max-video-preview":"max-video-preview:-1"},"canonical":"https:\/\/lemanoirdesaromes.com\/en\/","og_locale":"en_GB","og_type":"article","og_title":"Accueil - Le Manoir des Ar\u00f4mes","og_description":"Imagin\u00e9 par Karinne comme un v\u00e9ritable havre de paix, le Manoir des Ar\u00f4mes offre une vue magnifique sur la Vall\u00e9e des Coteaux Sud d\u2019\u00c9pernay. Id\u00e9alement situ\u00e9 \u00e0 Brugny, le Domaine vous propose de vivre une exp\u00e9rience unique au travers cinq chambres d\u2019h\u00f4tes, un g\u00eete et la d\u00e9couverte des fragrances subtiles du Champagne \u00c9tienne Oudart. Le Temps d\u2019un Instant, venez vous \u00e9vader et partager une parenth\u00e8se de tranquillit\u00e9 et de confort dans les cinq chambres d\u2019h\u00f4tes du Manoir des Ar\u00f4mes. Le vendangeoir du Manoir des Ar\u00f4mes En v\u00e9ritable lieu de convivialit\u00e9, le Vendangeoir du Manoir des Ar\u00f4mes est le reflet de l\u2019esprit de la saison des vendanges. L\u2019endroit est id\u00e9al pour se retrouver entre amis ou en famille, Le Temps d\u2019un Instant. Le champagne Etienne Oudart Issus d\u2019une viticulture naturelle respectant la biodiversit\u00e9 et d\u2019une vinification fond\u00e9e sur la qualit\u00e9, les champagnes \u00c9tienne Oudart puisent leurs ar\u00f4mes dans la nature. Ainsi, une \u00e9l\u00e9gante et subtile interpr\u00e9tation de chaque cuv\u00e9e vous propose de vivre, Le Temps d\u2019un Instant, une exp\u00e9rience h\u00e9doniste de la d\u00e9gustation. D\u00e9couvrir notre gamme","og_url":"https:\/\/lemanoirdesaromes.com\/en\/","og_site_name":"Le Manoir des Ar\u00f4mes","article_publisher":"https:\/\/www.facebook.com\/ChampagneEtienneOudart","article_modified_time":"2026-02-16T10:39:58+00:00","og_image":[{"url":"https:\/\/lemanoirdesaromes.com\/wp-content\/uploads\/2022\/04\/IMG-3465-1024x768.jpg","type":"","width":"","height":""}],"twitter_card":"summary_large_image","twitter_misc":{"Estimated reading time":"2 minutes"},"schema":{"@context":"https:\/\/schema.org","@graph":[{"@type":"WebPage","@id":"https:\/\/lemanoirdesaromes.com\/","url":"https:\/\/lemanoirdesaromes.com\/","name":"Accueil - Le Manoir des Ar\u00f4mes","isPartOf":{"@id":"https:\/\/lemanoirdesaromes.com\/#website"},"primaryImageOfPage":{"@id":"https:\/\/lemanoirdesaromes.com\/#primaryimage"},"image":{"@id":"https:\/\/lemanoirdesaromes.com\/#primaryimage"},"thumbnailUrl":"https:\/\/lemanoirdesaromes.com\/wp-content\/uploads\/2022\/04\/IMG-3465-1024x768.jpg","datePublished":"2019-08-20T15:10:56+00:00","dateModified":"2026-02-16T10:39:58+00:00","breadcrumb":{"@id":"https:\/\/lemanoirdesaromes.com\/#breadcrumb"},"inLanguage":"en-GB","potentialAction":[{"@type":"ReadAction","target":["https:\/\/lemanoirdesaromes.com\/"]}]},{"@type":"ImageObject","inLanguage":"en-GB","@id":"https:\/\/lemanoirdesaromes.com\/#primaryimage","url":"https:\/\/lemanoirdesaromes.com\/wp-content\/uploads\/2022\/04\/IMG-3465-1024x768.jpg","contentUrl":"https:\/\/lemanoirdesaromes.com\/wp-content\/uploads\/2022\/04\/IMG-3465-1024x768.jpg"},{"@type":"BreadcrumbList","@id":"https:\/\/lemanoirdesaromes.com\/#breadcrumb","itemListElement":[{"@type":"ListItem","position":1,"name":"Accueil","item":"https:\/\/lemanoirdesaromes.com\/"},{"@type":"ListItem","position":2,"name":"Accueil"}]},{"@type":"WebSite","@id":"https:\/\/lemanoirdesaromes.com\/#website","url":"https:\/\/lemanoirdesaromes.com\/","name":"Le Manoir des Ar\u00f4mes","description":"Merci \u00e0 tous pour les nombreux moments d\u2019\u00e9change et de partage que vous nous avez offerts au travers de vos s\u00e9jours dans les chambres d\u2019h\u00f4tes du Manoir des Ar\u00f4mes. Il est d\u00e9sormais temps pour Karinne de prendre une retraite bien m\u00e9rit\u00e9e. La possibilit\u00e9 de s\u00e9journer au Manoir des Ar\u00f4mes est donc suspendue jusqu\u2019\u00e0 nouvel ordre.  Sinc\u00e8rement, Jacques","potentialAction":[{"@type":"SearchAction","target":{"@type":"EntryPoint","urlTemplate":"https:\/\/lemanoirdesaromes.com\/?s={search_term_string}"},"query-input":{"@type":"PropertyValueSpecification","valueRequired":true,"valueName":"search_term_string"}}],"inLanguage":"en-GB"}]}},"_links":{"self":[{"href":"https:\/\/lemanoirdesaromes.com\/en\/wp-json\/wp\/v2\/pages\/69","targetHints":{"allow":["GET"]}}],"collection":[{"href":"https:\/\/lemanoirdesaromes.com\/en\/wp-json\/wp\/v2\/pages"}],"about":[{"href":"https:\/\/lemanoirdesaromes.com\/en\/wp-json\/wp\/v2\/types\/page"}],"author":[{"embeddable":true,"href":"https:\/\/lemanoirdesaromes.com\/en\/wp-json\/wp\/v2\/users\/1"}],"replies":[{"embeddable":true,"href":"https:\/\/lemanoirdesaromes.com\/en\/wp-json\/wp\/v2\/comments?post=69"}],"version-history":[{"count":54,"href":"https:\/\/lemanoirdesaromes.com\/en\/wp-json\/wp\/v2\/pages\/69\/revisions"}],"predecessor-version":[{"id":7699,"href":"https:\/\/lemanoirdesaromes.com\/en\/wp-json\/wp\/v2\/pages\/69\/revisions\/7699"}],"wp:attachment":[{"href":"https:\/\/lemanoirdesaromes.com\/en\/wp-json\/wp\/v2\/media?parent=69"}],"curies":[{"name":"wp","href":"https:\/\/api.w.org\/{rel}","templated":true}]}}