{"id":144,"date":"2019-10-10T22:34:10","date_gmt":"2019-10-10T20:34:10","guid":{"rendered":"https:\/\/lemanoirdesaromes.com\/?page_id=144"},"modified":"2020-02-25T16:59:30","modified_gmt":"2020-02-25T15:59:30","slug":"contact","status":"publish","type":"page","link":"https:\/\/lemanoirdesaromes.com\/en\/contact\/","title":{"rendered":"Contact"},"content":{"rendered":"<div class=\"coordinates_header contact_section contact_section0\">\n\n<h4 class=\"contact_section_title\" id=\"contact_section_title2\">Contact us<\/h4>\n\n<div class=\"underline_section_title\"><\/div>\n\n<\/div>\n\n<div class=\"coordinates contact_section\">\n\n<div class=\"coordinates_div address_div\">\n<div class=\"coordinates_div_icon\">\n<i class=\"fas fa-map-marker-alt\"><\/i>\n<\/div>\n<div class=\"coordinates_div_content\">\n<p>15, rue de la Grange Jabled<\/p>\n<p>51530 BRUGNY<\/p>\n<\/div>\n<\/div>\n\n<div class=\"coordinates_div email_div\">\n<div class=\"coordinates_div_icon\">\n<i class=\"fas fa-envelope\"><\/i>\n<\/div>\n<div class=\"coordinates_div_content\">\n<p><a href=\"mailto:contact@champagne-oudart.com\" class=\"footer_legal_link\">contact@champagne-oudart.com<\/a><\/p>\n<\/div>\n<\/div>\n\n<div class=\"coordinates_div phone_div\">\n<div class=\"coordinates_div_icon\">\n<i class=\"fas fa-phone\"><\/i>\n<\/div>\n<div class=\"coordinates_div_content\">\n<p><a href=\"tel:+33326599801\">+333 26 59 98 01<\/a><\/p>\n<\/div>\n<\/div>\n\n<\/div>\n\n\n\n<div class=\"contact_section_horaires contact_section contact_section1\">\n\n<h4 class=\"contact_section_title\" id=\"contact_section_title1\">Usual schedule<\/h4>\n\n<div class=\"underline_section_title\"><\/div>\n\n<p class=\"horaires_first_p\">Arrival time for key collection from 5:30 p.m. to 7:00 p.m., unless otherwise agreed.<\/p>\n<p class=\"horaires_last_p\">Key collection time on the day of departure at 12:00 noon at the latest.<\/p>\n\n<\/div>\n\n\n\n<div class=\"form_section_header contact_section contact_section2\">\n\n<h4 class=\"contact_section_title\" id=\"contact_section_title1\">Leave us a message<\/h4>\n\n<div class=\"underline_section_title\"><\/div>\n\n<\/div>\n\n\n\n<div class=\"wpcf7 no-js\" id=\"wpcf7-f837-o1\" lang=\"fr-FR\" dir=\"ltr\" data-wpcf7-id=\"837\">\n<div class=\"screen-reader-response\"><p role=\"status\" aria-live=\"polite\" aria-atomic=\"true\"><\/p> <ul><\/ul><\/div>\n<form action=\"\/en\/wp-json\/wp\/v2\/pages\/144#wpcf7-f837-o1\" method=\"post\" class=\"wpcf7-form init\" aria-label=\"Formulaire de contact\" novalidate=\"novalidate\" data-status=\"init\" data-trp-original-action=\"\/en\/wp-json\/wp\/v2\/pages\/144#wpcf7-f837-o1\">\n<fieldset class=\"hidden-fields-container\"><input type=\"hidden\" name=\"_wpcf7\" value=\"837\" \/><input type=\"hidden\" name=\"_wpcf7_version\" value=\"6.1.5\" \/><input type=\"hidden\" name=\"_wpcf7_locale\" value=\"fr_FR\" \/><input type=\"hidden\" name=\"_wpcf7_unit_tag\" value=\"wpcf7-f837-o1\" \/><input type=\"hidden\" name=\"_wpcf7_container_post\" value=\"0\" \/><input type=\"hidden\" name=\"_wpcf7_posted_data_hash\" value=\"\" \/>\n<\/fieldset>\n<p>Name *\n<\/p>\n<p><span class=\"wpcf7-form-control-wrap\" data-name=\"your-name\"><input size=\"40\" maxlength=\"400\" class=\"wpcf7-form-control wpcf7-text wpcf7-validates-as-required\" aria-required=\"true\" aria-invalid=\"false\" value=\"\" type=\"text\" name=\"your-name\" \/><\/span>\n<\/p>\n<p>Email *\n<\/p>\n<p><span class=\"wpcf7-form-control-wrap\" data-name=\"your-email\"><input size=\"40\" maxlength=\"400\" class=\"wpcf7-form-control wpcf7-email wpcf7-validates-as-required wpcf7-text wpcf7-validates-as-email\" aria-required=\"true\" aria-invalid=\"false\" value=\"\" type=\"email\" name=\"your-email\" \/><\/span>\n<\/p>\n<p>Subject\n<\/p>\n<p><span class=\"wpcf7-form-control-wrap\" data-name=\"your-subject\"><input size=\"40\" maxlength=\"400\" class=\"wpcf7-form-control wpcf7-text wpcf7-validates-as-required\" aria-required=\"true\" aria-invalid=\"false\" value=\"\" type=\"text\" name=\"your-subject\" \/><\/span>\n<\/p>\n<p>Your message\n<\/p>\n<p><span class=\"wpcf7-form-control-wrap\" data-name=\"your-message\"><textarea cols=\"40\" rows=\"10\" maxlength=\"2000\" class=\"wpcf7-form-control wpcf7-textarea\" aria-invalid=\"false\" name=\"your-message\"><\/textarea><\/span>\n<\/p>\n<p><span class=\"wpcf7-form-control-wrap\" data-name=\"checkbox-867\"><span class=\"wpcf7-form-control wpcf7-checkbox wpcf7-validates-as-required\" id=\"confidentialite\"><span class=\"wpcf7-list-item first last\"><input type=\"checkbox\" name=\"checkbox-867[]\" value=\"En utilisant ce formulaire, vous acceptez que nous utilisions vos coordonn\u00e9es afin de r\u00e9pondre \u00e0 votre demande.\" \/><span class=\"wpcf7-list-item-label\">By using this form, you agree that we use your contact details to respond to your request.<\/span><\/span><\/span><\/span>\n<\/p>\n<p><input class=\"wpcf7-form-control wpcf7-submit has-spinner\" type=\"submit\" value=\"Send\" \/>\n<\/p><div class=\"wpcf7-response-output\" aria-hidden=\"true\"><\/div>\n<input type=\"hidden\" name=\"trp-form-language\" value=\"en\"\/><\/form>\n<\/div>\n\n\n\n\n<div class=\"iframe_n_coordinates  contact_section contact_section3\">\n\n    <h4 class=\"contact_section_title\" id=\"contact_section_title1\">Find us<\/h4>\n\n    <div class=\"underline_section_title\"><\/div>\n\n    <div class=\"iframe_container\">\n        <iframe\n            src=\"https:\/\/www.google.com\/maps\/embed?pb=!1m18!1m12!1m3!1d2617.710578360787!2d3.8796853156793194!3d48.99706497930133!2m3!1f0!2f0!3f0!3m2!1i1024!2i768!4f13.1!3m3!1m2!1s0x47e915a2deefdd57%3A0x7508bdb6c2a4a4e4!2sEtienne+Oudart+Earl!5e0!3m2!1sfr!2sfr!4v1551774330743\"\n            style=\"border:0\" allowfullscreen=\"\"><\/iframe>\n    <\/div>\n<\/div>\n\n\n\n<div class=\"contact_section contact_section4\">\n<h4 class=\"contact_section_title\" id=\"contact_section_title1\">Follow us<\/h4>\n\n<div class=\"underline_section_title\"><\/div>\n\n<ul id=\"social_networks\" class=\"social_large\">\n<li><a href=\"https:\/\/www.facebook.com\/ChampagneEtienneOudart\/\">\n<i class=\"fab fa-facebook-f\"><\/i>\n<\/a><\/li>\n<li><a href=\"https:\/\/www.linkedin.com\/company\/champagne-etienne-oudart\/\"><i class=\"fab fa-linkedin-in\"><\/i><\/a><\/li>\n<li><a href=\"https:\/\/www.instagram.com\/champagne_oudart\/\"><i class=\"fab fa-instagram\"><\/i><\/a><\/li>\n<\/ul>\n<\/div>","protected":false},"excerpt":{"rendered":"<p>CONTACTEZ-NOUS 15, rue de la Grange Jabled 51530 BRUGNY contact@champagne-oudart.com +333 26 59 98 01 HORAIRES HABITUELS D&rsquo;OUVERTURE Heure d\u2019arriv\u00e9e pour la remise des clefs de 17h30 \u00e0 19h00, sauf accord particulier. Heure de remise des clefs le jour du d\u00e9part au plus tard \u00e0 12h00. LAISSEZ-NOUS UN MESSAGE TROUVEZ-NOUS SUIVEZ-NOUS<\/p>","protected":false},"author":1,"featured_media":0,"parent":0,"menu_order":0,"comment_status":"closed","ping_status":"closed","template":"","meta":{"footnotes":""},"class_list":["post-144","page","type-page","status-publish","hentry"],"yoast_head":"<!-- This site is optimized with the Yoast SEO plugin v26.9 - https:\/\/yoast.com\/product\/yoast-seo-wordpress\/ -->\n<title>Contact - Le Manoir des Ar\u00f4mes<\/title>\n<meta name=\"robots\" content=\"index, follow, max-snippet:-1, max-image-preview:large, max-video-preview:-1\" \/>\n<link rel=\"canonical\" href=\"https:\/\/lemanoirdesaromes.com\/en\/contact\/\" \/>\n<meta property=\"og:locale\" content=\"en_GB\" \/>\n<meta property=\"og:type\" content=\"article\" \/>\n<meta property=\"og:title\" content=\"Contact - Le Manoir des Ar\u00f4mes\" \/>\n<meta property=\"og:description\" content=\"CONTACTEZ-NOUS 15, rue de la Grange Jabled 51530 BRUGNY contact@champagne-oudart.com +333 26 59 98 01 HORAIRES HABITUELS D&rsquo;OUVERTURE Heure d\u2019arriv\u00e9e pour la remise des clefs de 17h30 \u00e0 19h00, sauf accord particulier. Heure de remise des clefs le jour du d\u00e9part au plus tard \u00e0 12h00. LAISSEZ-NOUS UN MESSAGE TROUVEZ-NOUS SUIVEZ-NOUS\" \/>\n<meta property=\"og:url\" content=\"https:\/\/lemanoirdesaromes.com\/en\/contact\/\" \/>\n<meta property=\"og:site_name\" content=\"Le Manoir des Ar\u00f4mes\" \/>\n<meta property=\"article:publisher\" content=\"https:\/\/www.facebook.com\/ChampagneEtienneOudart\" \/>\n<meta property=\"article:modified_time\" content=\"2020-02-25T15:59:30+00:00\" \/>\n<meta name=\"twitter:card\" content=\"summary_large_image\" \/>\n<script type=\"application\/ld+json\" class=\"yoast-schema-graph\">{\"@context\":\"https:\/\/schema.org\",\"@graph\":[{\"@type\":\"WebPage\",\"@id\":\"https:\/\/lemanoirdesaromes.com\/contact\/\",\"url\":\"https:\/\/lemanoirdesaromes.com\/contact\/\",\"name\":\"Contact - Le Manoir des Ar\u00f4mes\",\"isPartOf\":{\"@id\":\"https:\/\/lemanoirdesaromes.com\/#website\"},\"datePublished\":\"2019-10-10T20:34:10+00:00\",\"dateModified\":\"2020-02-25T15:59:30+00:00\",\"breadcrumb\":{\"@id\":\"https:\/\/lemanoirdesaromes.com\/contact\/#breadcrumb\"},\"inLanguage\":\"en-GB\",\"potentialAction\":[{\"@type\":\"ReadAction\",\"target\":[\"https:\/\/lemanoirdesaromes.com\/contact\/\"]}]},{\"@type\":\"BreadcrumbList\",\"@id\":\"https:\/\/lemanoirdesaromes.com\/contact\/#breadcrumb\",\"itemListElement\":[{\"@type\":\"ListItem\",\"position\":1,\"name\":\"Accueil\",\"item\":\"https:\/\/lemanoirdesaromes.com\/\"},{\"@type\":\"ListItem\",\"position\":2,\"name\":\"Contact\"}]},{\"@type\":\"WebSite\",\"@id\":\"https:\/\/lemanoirdesaromes.com\/#website\",\"url\":\"https:\/\/lemanoirdesaromes.com\/\",\"name\":\"Le Manoir des Ar\u00f4mes\",\"description\":\"Merci \u00e0 tous pour les nombreux moments d\u2019\u00e9change et de partage que vous nous avez offerts au travers de vos s\u00e9jours dans les chambres d\u2019h\u00f4tes du Manoir des Ar\u00f4mes. Il est d\u00e9sormais temps pour Karinne de prendre une retraite bien m\u00e9rit\u00e9e. La possibilit\u00e9 de s\u00e9journer au Manoir des Ar\u00f4mes est donc suspendue jusqu\u2019\u00e0 nouvel ordre.  Sinc\u00e8rement, Jacques\",\"potentialAction\":[{\"@type\":\"SearchAction\",\"target\":{\"@type\":\"EntryPoint\",\"urlTemplate\":\"https:\/\/lemanoirdesaromes.com\/?s={search_term_string}\"},\"query-input\":{\"@type\":\"PropertyValueSpecification\",\"valueRequired\":true,\"valueName\":\"search_term_string\"}}],\"inLanguage\":\"en-GB\"}]}<\/script>\n<!-- \/ Yoast SEO plugin. -->","yoast_head_json":{"title":"Contact - Le Manoir des Ar\u00f4mes","robots":{"index":"index","follow":"follow","max-snippet":"max-snippet:-1","max-image-preview":"max-image-preview:large","max-video-preview":"max-video-preview:-1"},"canonical":"https:\/\/lemanoirdesaromes.com\/en\/contact\/","og_locale":"en_GB","og_type":"article","og_title":"Contact - Le Manoir des Ar\u00f4mes","og_description":"CONTACTEZ-NOUS 15, rue de la Grange Jabled 51530 BRUGNY contact@champagne-oudart.com +333 26 59 98 01 HORAIRES HABITUELS D&rsquo;OUVERTURE Heure d\u2019arriv\u00e9e pour la remise des clefs de 17h30 \u00e0 19h00, sauf accord particulier. Heure de remise des clefs le jour du d\u00e9part au plus tard \u00e0 12h00. LAISSEZ-NOUS UN MESSAGE TROUVEZ-NOUS SUIVEZ-NOUS","og_url":"https:\/\/lemanoirdesaromes.com\/en\/contact\/","og_site_name":"Le Manoir des Ar\u00f4mes","article_publisher":"https:\/\/www.facebook.com\/ChampagneEtienneOudart","article_modified_time":"2020-02-25T15:59:30+00:00","twitter_card":"summary_large_image","schema":{"@context":"https:\/\/schema.org","@graph":[{"@type":"WebPage","@id":"https:\/\/lemanoirdesaromes.com\/contact\/","url":"https:\/\/lemanoirdesaromes.com\/contact\/","name":"Contact - Le Manoir des Ar\u00f4mes","isPartOf":{"@id":"https:\/\/lemanoirdesaromes.com\/#website"},"datePublished":"2019-10-10T20:34:10+00:00","dateModified":"2020-02-25T15:59:30+00:00","breadcrumb":{"@id":"https:\/\/lemanoirdesaromes.com\/contact\/#breadcrumb"},"inLanguage":"en-GB","potentialAction":[{"@type":"ReadAction","target":["https:\/\/lemanoirdesaromes.com\/contact\/"]}]},{"@type":"BreadcrumbList","@id":"https:\/\/lemanoirdesaromes.com\/contact\/#breadcrumb","itemListElement":[{"@type":"ListItem","position":1,"name":"Accueil","item":"https:\/\/lemanoirdesaromes.com\/"},{"@type":"ListItem","position":2,"name":"Contact"}]},{"@type":"WebSite","@id":"https:\/\/lemanoirdesaromes.com\/#website","url":"https:\/\/lemanoirdesaromes.com\/","name":"Le Manoir des Ar\u00f4mes","description":"Merci \u00e0 tous pour les nombreux moments d\u2019\u00e9change et de partage que vous nous avez offerts au travers de vos s\u00e9jours dans les chambres d\u2019h\u00f4tes du Manoir des Ar\u00f4mes. Il est d\u00e9sormais temps pour Karinne de prendre une retraite bien m\u00e9rit\u00e9e. La possibilit\u00e9 de s\u00e9journer au Manoir des Ar\u00f4mes est donc suspendue jusqu\u2019\u00e0 nouvel ordre.  Sinc\u00e8rement, Jacques","potentialAction":[{"@type":"SearchAction","target":{"@type":"EntryPoint","urlTemplate":"https:\/\/lemanoirdesaromes.com\/?s={search_term_string}"},"query-input":{"@type":"PropertyValueSpecification","valueRequired":true,"valueName":"search_term_string"}}],"inLanguage":"en-GB"}]}},"_links":{"self":[{"href":"https:\/\/lemanoirdesaromes.com\/en\/wp-json\/wp\/v2\/pages\/144","targetHints":{"allow":["GET"]}}],"collection":[{"href":"https:\/\/lemanoirdesaromes.com\/en\/wp-json\/wp\/v2\/pages"}],"about":[{"href":"https:\/\/lemanoirdesaromes.com\/en\/wp-json\/wp\/v2\/types\/page"}],"author":[{"embeddable":true,"href":"https:\/\/lemanoirdesaromes.com\/en\/wp-json\/wp\/v2\/users\/1"}],"replies":[{"embeddable":true,"href":"https:\/\/lemanoirdesaromes.com\/en\/wp-json\/wp\/v2\/comments?post=144"}],"version-history":[{"count":12,"href":"https:\/\/lemanoirdesaromes.com\/en\/wp-json\/wp\/v2\/pages\/144\/revisions"}],"predecessor-version":[{"id":3333,"href":"https:\/\/lemanoirdesaromes.com\/en\/wp-json\/wp\/v2\/pages\/144\/revisions\/3333"}],"wp:attachment":[{"href":"https:\/\/lemanoirdesaromes.com\/en\/wp-json\/wp\/v2\/media?parent=144"}],"curies":[{"name":"wp","href":"https:\/\/api.w.org\/{rel}","templated":true}]}}